{"id":435578,"date":"2025-03-06T16:30:26","date_gmt":"2025-03-06T16:30:26","guid":{"rendered":"https:\/\/book.celestyal.com\/?page_id=435578"},"modified":"2025-03-06T16:33:14","modified_gmt":"2025-03-06T16:33:14","slug":"crucero-no-disponible","status":"publish","type":"page","link":"https:\/\/book.celestyal.com\/es\/crucero-no-disponible\/","title":{"rendered":"Crucero no disponible"},"content":{"rendered":"\n<h3>\u00a1Lo sentimos! \u00a0No hemos encontrado ning\u00fan resultado que coincida con su solicitud.<\/h3>\n\nCambie los par\u00e1metros de b\u00fasqueda o cont\u00e1ctenos para ayudarle <a href=\"https:\/\/brochures.celestyal.com\/apps\/Contact-us.html?lang=en\"><strong>a encontrar sus<\/strong><\/a> vacaciones perfectas.\n\n<div class=\"cruise-card\" style=\"margin:40px 0 0;display:flex;flex-direction:row;\">\n<div class=\"button\" style=\"width:150px;margin-right:10px;\">\n<a href=\"https:\/\/celestyal.com\/\/\/\" class=\"button-blue\">Volver atr\u00e1s<\/a>\n<\/div>\n<div class=\"button\" style=\"width:200px;\">\n<a href=\"https:\/\/celestyal.com\/\/search\" class=\"button-blue\">View all cruises<\/a>\n<\/div>\n<\/div>\n","protected":false},"excerpt":{"rendered":"<p>\u00a1Lo sentimos! \u00a0No hemos encontrado ning\u00fan resultado que coincida con su solicitud. Cambie los par\u00e1metros de b\u00fasqueda o cont\u00e1ctenos para ayudarle a encontrar sus vacaciones perfectas.<\/p>\n","protected":false},"author":18,"featured_media":0,"parent":0,"menu_order":0,"comment_status":"closed","ping_status":"closed","template":"page-cruise-unavailable.php","meta":{"_acf_changed":false,"footnotes":""},"class_list":["post-435578","page","type-page","status-publish","hentry"],"acf":[],"yoast_head":"<!-- This site is optimized with the Yoast SEO plugin v27.5 - https:\/\/yoast.com\/product\/yoast-seo-wordpress\/ -->\n<title>Crucero no disponible - Celestyal Cruises<\/title>\n<meta name=\"robots\" content=\"noindex, nofollow\" \/>\n<meta property=\"og:locale\" content=\"es_ES\" \/>\n<meta property=\"og:type\" content=\"article\" \/>\n<meta property=\"og:title\" content=\"Crucero no disponible - Celestyal Cruises\" \/>\n<meta property=\"og:description\" content=\"\u00a1Lo sentimos! \u00a0No hemos encontrado ning\u00fan resultado que coincida con su solicitud. Cambie los par\u00e1metros de b\u00fasqueda o cont\u00e1ctenos para ayudarle a encontrar sus vacaciones perfectas.\" \/>\n<meta property=\"og:url\" content=\"https:\/\/book.celestyal.com\/es\/crucero-no-disponible\/\" \/>\n<meta property=\"og:site_name\" content=\"Celestyal Cruises\" \/>\n<meta property=\"article:publisher\" content=\"https:\/\/www.facebook.com\/CelestyalCruisesGreece\/\" \/>\n<meta property=\"article:modified_time\" content=\"2025-03-06T16:33:14+00:00\" \/>\n<meta name=\"twitter:card\" content=\"summary_large_image\" \/>\n<meta name=\"twitter:site\" content=\"@celestyalcruise\" \/>\n<script type=\"application\/ld+json\" class=\"yoast-schema-graph\">{\"@context\":\"https:\\\/\\\/schema.org\",\"@graph\":[{\"@type\":\"WebPage\",\"@id\":\"https:\\\/\\\/book.celestyal.com\\\/es\\\/crucero-no-disponible\\\/\",\"url\":\"https:\\\/\\\/book.celestyal.com\\\/es\\\/crucero-no-disponible\\\/\",\"name\":\"Crucero no disponible - Celestyal Cruises\",\"isPartOf\":{\"@id\":\"https:\\\/\\\/book.celestyal.com\\\/es\\\/#website\"},\"datePublished\":\"2025-03-06T16:30:26+00:00\",\"dateModified\":\"2025-03-06T16:33:14+00:00\",\"breadcrumb\":{\"@id\":\"https:\\\/\\\/book.celestyal.com\\\/es\\\/crucero-no-disponible\\\/#breadcrumb\"},\"inLanguage\":\"es\",\"potentialAction\":[{\"@type\":\"ReadAction\",\"target\":[\"https:\\\/\\\/book.celestyal.com\\\/es\\\/crucero-no-disponible\\\/\"]}]},{\"@type\":\"BreadcrumbList\",\"@id\":\"https:\\\/\\\/book.celestyal.com\\\/es\\\/crucero-no-disponible\\\/#breadcrumb\",\"itemListElement\":[{\"@type\":\"ListItem\",\"position\":1,\"name\":\"Home\",\"item\":\"https:\\\/\\\/book.celestyal.com\\\/es\\\/\"},{\"@type\":\"ListItem\",\"position\":2,\"name\":\"Crucero no disponible\"}]},{\"@type\":\"WebSite\",\"@id\":\"https:\\\/\\\/book.celestyal.com\\\/es\\\/#website\",\"url\":\"https:\\\/\\\/book.celestyal.com\\\/es\\\/\",\"name\":\"Celestyal Cruises\",\"description\":\"\u00a1Ofertas inmejorables en Grecia, cruceros en islas griegas y m\u00e1s!\",\"potentialAction\":[{\"@type\":\"SearchAction\",\"target\":{\"@type\":\"EntryPoint\",\"urlTemplate\":\"https:\\\/\\\/book.celestyal.com\\\/es\\\/?s={search_term_string}\"},\"query-input\":{\"@type\":\"PropertyValueSpecification\",\"valueRequired\":true,\"valueName\":\"search_term_string\"}}],\"inLanguage\":\"es\"}]}<\/script>\n<!-- \/ Yoast SEO plugin. -->","yoast_head_json":{"title":"Crucero no disponible - Celestyal Cruises","robots":{"index":"noindex","follow":"nofollow"},"og_locale":"es_ES","og_type":"article","og_title":"Crucero no disponible - Celestyal Cruises","og_description":"\u00a1Lo sentimos! \u00a0No hemos encontrado ning\u00fan resultado que coincida con su solicitud. Cambie los par\u00e1metros de b\u00fasqueda o cont\u00e1ctenos para ayudarle a encontrar sus vacaciones perfectas.","og_url":"https:\/\/book.celestyal.com\/es\/crucero-no-disponible\/","og_site_name":"Celestyal Cruises","article_publisher":"https:\/\/www.facebook.com\/CelestyalCruisesGreece\/","article_modified_time":"2025-03-06T16:33:14+00:00","twitter_card":"summary_large_image","twitter_site":"@celestyalcruise","schema":{"@context":"https:\/\/schema.org","@graph":[{"@type":"WebPage","@id":"https:\/\/book.celestyal.com\/es\/crucero-no-disponible\/","url":"https:\/\/book.celestyal.com\/es\/crucero-no-disponible\/","name":"Crucero no disponible - Celestyal Cruises","isPartOf":{"@id":"https:\/\/book.celestyal.com\/es\/#website"},"datePublished":"2025-03-06T16:30:26+00:00","dateModified":"2025-03-06T16:33:14+00:00","breadcrumb":{"@id":"https:\/\/book.celestyal.com\/es\/crucero-no-disponible\/#breadcrumb"},"inLanguage":"es","potentialAction":[{"@type":"ReadAction","target":["https:\/\/book.celestyal.com\/es\/crucero-no-disponible\/"]}]},{"@type":"BreadcrumbList","@id":"https:\/\/book.celestyal.com\/es\/crucero-no-disponible\/#breadcrumb","itemListElement":[{"@type":"ListItem","position":1,"name":"Home","item":"https:\/\/book.celestyal.com\/es\/"},{"@type":"ListItem","position":2,"name":"Crucero no disponible"}]},{"@type":"WebSite","@id":"https:\/\/book.celestyal.com\/es\/#website","url":"https:\/\/book.celestyal.com\/es\/","name":"Celestyal Cruises","description":"\u00a1Ofertas inmejorables en Grecia, cruceros en islas griegas y m\u00e1s!","potentialAction":[{"@type":"SearchAction","target":{"@type":"EntryPoint","urlTemplate":"https:\/\/book.celestyal.com\/es\/?s={search_term_string}"},"query-input":{"@type":"PropertyValueSpecification","valueRequired":true,"valueName":"search_term_string"}}],"inLanguage":"es"}]}},"_links":{"self":[{"href":"https:\/\/book.celestyal.com\/es\/wp-json\/wp\/v2\/pages\/435578","targetHints":{"allow":["GET"]}}],"collection":[{"href":"https:\/\/book.celestyal.com\/es\/wp-json\/wp\/v2\/pages"}],"about":[{"href":"https:\/\/book.celestyal.com\/es\/wp-json\/wp\/v2\/types\/page"}],"author":[{"embeddable":true,"href":"https:\/\/book.celestyal.com\/es\/wp-json\/wp\/v2\/users\/18"}],"replies":[{"embeddable":true,"href":"https:\/\/book.celestyal.com\/es\/wp-json\/wp\/v2\/comments?post=435578"}],"version-history":[{"count":0,"href":"https:\/\/book.celestyal.com\/es\/wp-json\/wp\/v2\/pages\/435578\/revisions"}],"wp:attachment":[{"href":"https:\/\/book.celestyal.com\/es\/wp-json\/wp\/v2\/media?parent=435578"}],"curies":[{"name":"wp","href":"https:\/\/api.w.org\/{rel}","templated":true}]}}