{"id":435548,"date":"2025-03-06T16:29:01","date_gmt":"2025-03-06T16:29:01","guid":{"rendered":"https:\/\/book.celestyal.com\/?page_id=435548"},"modified":"2025-03-06T16:29:04","modified_gmt":"2025-03-06T16:29:04","slug":"croisiere-indisponible","status":"publish","type":"page","link":"https:\/\/book.celestyal.com\/fr\/croisiere-indisponible\/","title":{"rendered":"Croisi\u00e8re indisponible"},"content":{"rendered":"\n<h3>D\u00e9sol\u00e9. Nous n&rsquo;avons pas pu trouver de r\u00e9sultats correspondant \u00e0 votre demande.<\/h3>\n\nEssayer de modifier vos filtres ou <a href=\"https:\/\/brochures.celestyal.com\/apps\/Contact-us.html?lang=en\"><strong>contactez nous<\/strong><\/a> afin de vous aider \u00e0 trouver vos vacances id\u00e9ales.\n<div class=\"cruise-card\" style=\"margin:40px 0 0;display:flex;flex-direction:row;\">\n<div class=\"button\" style=\"width:150px;margin-right:10px;\">\n<a href=\"https:\/\/celestyal.com\/\/\/\" class=\"button-blue\">Revenir en arri\u00e8re<\/a>\n<\/div>\n<div class=\"button\" style=\"width:200px;\">\n<a href=\"https:\/\/celestyal.com\/\/search\" class=\"button-blue\">View all cruises<\/a>\n<\/div>\n<\/div>\n","protected":false},"excerpt":{"rendered":"<p>D\u00e9sol\u00e9. Nous n&rsquo;avons pas pu trouver de r\u00e9sultats correspondant \u00e0 votre demande. Essayer de modifier vos filtres ou contactez nous afin de vous aider \u00e0 trouver vos vacances id\u00e9ales.<\/p>\n","protected":false},"author":18,"featured_media":0,"parent":0,"menu_order":0,"comment_status":"closed","ping_status":"closed","template":"page-cruise-unavailable.php","meta":{"_acf_changed":false,"footnotes":""},"class_list":["post-435548","page","type-page","status-publish","hentry"],"acf":[],"yoast_head":"<!-- This site is optimized with the Yoast SEO plugin v27.5 - https:\/\/yoast.com\/product\/yoast-seo-wordpress\/ -->\n<title>Croisi\u00e8re indisponible - Celestyal Cruises<\/title>\n<meta name=\"robots\" content=\"noindex, nofollow\" \/>\n<meta property=\"og:locale\" content=\"fr_FR\" \/>\n<meta property=\"og:type\" content=\"article\" \/>\n<meta property=\"og:title\" content=\"Croisi\u00e8re indisponible - Celestyal Cruises\" \/>\n<meta property=\"og:description\" content=\"D\u00e9sol\u00e9. Nous n&rsquo;avons pas pu trouver de r\u00e9sultats correspondant \u00e0 votre demande. Essayer de modifier vos filtres ou contactez nous afin de vous aider \u00e0 trouver vos vacances id\u00e9ales.\" \/>\n<meta property=\"og:url\" content=\"https:\/\/book.celestyal.com\/fr\/croisiere-indisponible\/\" \/>\n<meta property=\"og:site_name\" content=\"Celestyal Cruises\" \/>\n<meta property=\"article:publisher\" content=\"https:\/\/www.facebook.com\/CelestyalCruisesGreece\/\" \/>\n<meta property=\"article:modified_time\" content=\"2025-03-06T16:29:04+00:00\" \/>\n<meta name=\"twitter:card\" content=\"summary_large_image\" \/>\n<meta name=\"twitter:site\" content=\"@celestyalcruise\" \/>\n<script type=\"application\/ld+json\" class=\"yoast-schema-graph\">{\"@context\":\"https:\\\/\\\/schema.org\",\"@graph\":[{\"@type\":\"WebPage\",\"@id\":\"https:\\\/\\\/book.celestyal.com\\\/fr\\\/croisiere-indisponible\\\/\",\"url\":\"https:\\\/\\\/book.celestyal.com\\\/fr\\\/croisiere-indisponible\\\/\",\"name\":\"Croisi\u00e8re indisponible - Celestyal Cruises\",\"isPartOf\":{\"@id\":\"https:\\\/\\\/book.celestyal.com\\\/fr\\\/#website\"},\"datePublished\":\"2025-03-06T16:29:01+00:00\",\"dateModified\":\"2025-03-06T16:29:04+00:00\",\"breadcrumb\":{\"@id\":\"https:\\\/\\\/book.celestyal.com\\\/fr\\\/croisiere-indisponible\\\/#breadcrumb\"},\"inLanguage\":\"fr-FR\",\"potentialAction\":[{\"@type\":\"ReadAction\",\"target\":[\"https:\\\/\\\/book.celestyal.com\\\/fr\\\/croisiere-indisponible\\\/\"]}]},{\"@type\":\"BreadcrumbList\",\"@id\":\"https:\\\/\\\/book.celestyal.com\\\/fr\\\/croisiere-indisponible\\\/#breadcrumb\",\"itemListElement\":[{\"@type\":\"ListItem\",\"position\":1,\"name\":\"Home\",\"item\":\"https:\\\/\\\/book.celestyal.com\\\/fr\\\/\"},{\"@type\":\"ListItem\",\"position\":2,\"name\":\"Croisi\u00e8re indisponible\"}]},{\"@type\":\"WebSite\",\"@id\":\"https:\\\/\\\/book.celestyal.com\\\/fr\\\/#website\",\"url\":\"https:\\\/\\\/book.celestyal.com\\\/fr\\\/\",\"name\":\"Celestyal Cruises\",\"description\":\"Des offres imbattables sur les croisi\u00e8res croisi\u00e8re dans les \u00eeles grecques\",\"potentialAction\":[{\"@type\":\"SearchAction\",\"target\":{\"@type\":\"EntryPoint\",\"urlTemplate\":\"https:\\\/\\\/book.celestyal.com\\\/fr\\\/?s={search_term_string}\"},\"query-input\":{\"@type\":\"PropertyValueSpecification\",\"valueRequired\":true,\"valueName\":\"search_term_string\"}}],\"inLanguage\":\"fr-FR\"}]}<\/script>\n<!-- \/ Yoast SEO plugin. -->","yoast_head_json":{"title":"Croisi\u00e8re indisponible - Celestyal Cruises","robots":{"index":"noindex","follow":"nofollow"},"og_locale":"fr_FR","og_type":"article","og_title":"Croisi\u00e8re indisponible - Celestyal Cruises","og_description":"D\u00e9sol\u00e9. Nous n&rsquo;avons pas pu trouver de r\u00e9sultats correspondant \u00e0 votre demande. Essayer de modifier vos filtres ou contactez nous afin de vous aider \u00e0 trouver vos vacances id\u00e9ales.","og_url":"https:\/\/book.celestyal.com\/fr\/croisiere-indisponible\/","og_site_name":"Celestyal Cruises","article_publisher":"https:\/\/www.facebook.com\/CelestyalCruisesGreece\/","article_modified_time":"2025-03-06T16:29:04+00:00","twitter_card":"summary_large_image","twitter_site":"@celestyalcruise","schema":{"@context":"https:\/\/schema.org","@graph":[{"@type":"WebPage","@id":"https:\/\/book.celestyal.com\/fr\/croisiere-indisponible\/","url":"https:\/\/book.celestyal.com\/fr\/croisiere-indisponible\/","name":"Croisi\u00e8re indisponible - Celestyal Cruises","isPartOf":{"@id":"https:\/\/book.celestyal.com\/fr\/#website"},"datePublished":"2025-03-06T16:29:01+00:00","dateModified":"2025-03-06T16:29:04+00:00","breadcrumb":{"@id":"https:\/\/book.celestyal.com\/fr\/croisiere-indisponible\/#breadcrumb"},"inLanguage":"fr-FR","potentialAction":[{"@type":"ReadAction","target":["https:\/\/book.celestyal.com\/fr\/croisiere-indisponible\/"]}]},{"@type":"BreadcrumbList","@id":"https:\/\/book.celestyal.com\/fr\/croisiere-indisponible\/#breadcrumb","itemListElement":[{"@type":"ListItem","position":1,"name":"Home","item":"https:\/\/book.celestyal.com\/fr\/"},{"@type":"ListItem","position":2,"name":"Croisi\u00e8re indisponible"}]},{"@type":"WebSite","@id":"https:\/\/book.celestyal.com\/fr\/#website","url":"https:\/\/book.celestyal.com\/fr\/","name":"Celestyal Cruises","description":"Des offres imbattables sur les croisi\u00e8res croisi\u00e8re dans les \u00eeles grecques","potentialAction":[{"@type":"SearchAction","target":{"@type":"EntryPoint","urlTemplate":"https:\/\/book.celestyal.com\/fr\/?s={search_term_string}"},"query-input":{"@type":"PropertyValueSpecification","valueRequired":true,"valueName":"search_term_string"}}],"inLanguage":"fr-FR"}]}},"_links":{"self":[{"href":"https:\/\/book.celestyal.com\/fr\/wp-json\/wp\/v2\/pages\/435548","targetHints":{"allow":["GET"]}}],"collection":[{"href":"https:\/\/book.celestyal.com\/fr\/wp-json\/wp\/v2\/pages"}],"about":[{"href":"https:\/\/book.celestyal.com\/fr\/wp-json\/wp\/v2\/types\/page"}],"author":[{"embeddable":true,"href":"https:\/\/book.celestyal.com\/fr\/wp-json\/wp\/v2\/users\/18"}],"replies":[{"embeddable":true,"href":"https:\/\/book.celestyal.com\/fr\/wp-json\/wp\/v2\/comments?post=435548"}],"version-history":[{"count":0,"href":"https:\/\/book.celestyal.com\/fr\/wp-json\/wp\/v2\/pages\/435548\/revisions"}],"wp:attachment":[{"href":"https:\/\/book.celestyal.com\/fr\/wp-json\/wp\/v2\/media?parent=435548"}],"curies":[{"name":"wp","href":"https:\/\/api.w.org\/{rel}","templated":true}]}}